{"id":3513,"date":"2021-03-04T07:00:54","date_gmt":"2021-03-04T10:00:54","guid":{"rendered":"http:\/\/confeitag.maxistore.net.br\/loja\/torta-de-damasco\/"},"modified":"2024-09-29T11:05:04","modified_gmt":"2024-09-29T14:05:04","slug":"torta-de-damasco","status":"publish","type":"product","link":"https:\/\/confeitag.com.br\/wp\/loja\/torta-de-damasco\/","title":{"rendered":"Torta de Damasco"},"content":{"rendered":"<p style=\"color: #bbb;\"><a href=\"http:\/\/confeitag.maxistore.net.br\/wp-content\/uploads\/2012\/07\/tortabrigadeiro2.jpg\"><br \/>\n<\/a>Insira uma descri\u00e7\u00e3o para seu produto&#8230;<a href=\"http:\/\/confeitag.maxistore.net.br\/wp-content\/uploads\/2012\/07\/tortaprestigiofatia.jpg\"><br \/>\n<\/a><\/p>\n","protected":false},"excerpt":{"rendered":"<p>P\u00e3o-de-l\u00f3 branco, 2 camadas de recheio de creme de damasco.<\/p>\n<p>Tamanho 19 ( serve 6-10 pessoas)<\/p>\n<p>Tamanho 21 (serve 15-20 pessoas)<\/p>\n<p>Tamanho 25 (serve 20 -25 pessoas)<\/p>\n<p>Tamanho 30 (serve 30-35 pessoas)<\/p>\n<p>Para outros tamanhos deste produto, entre em contato por telefone.<\/p>\n<h6>OBS.: A decora\u00e7\u00e3o da torta pode variar ou ser alterada sem pr\u00e9vio aviso, as imagens do site s\u00e3o apenas ilustrativa.<\/h6>\n","protected":false},"featured_media":120,"comment_status":"closed","ping_status":"closed","template":"","meta":[],"product_brand":[],"product_cat":[20,21],"product_tag":[],"class_list":{"0":"post-3513","1":"product","2":"type-product","3":"status-publish","4":"has-post-thumbnail","6":"product_cat-tortas-doces","7":"product_cat-tortas-doces-tradicionais","8":"pa_tamanho-tamanho-19","9":"pa_tamanho-tamanho-21","10":"pa_tamanho-tamanho-25","11":"pa_tamanho-tamanho-30","13":"first","14":"outofstock","15":"taxable","16":"shipping-taxable","17":"purchasable","18":"product-type-variable"},"_links":{"self":[{"href":"https:\/\/confeitag.com.br\/wp\/wp-json\/wp\/v2\/product\/3513","targetHints":{"allow":["GET"]}}],"collection":[{"href":"https:\/\/confeitag.com.br\/wp\/wp-json\/wp\/v2\/product"}],"about":[{"href":"https:\/\/confeitag.com.br\/wp\/wp-json\/wp\/v2\/types\/product"}],"replies":[{"embeddable":true,"href":"https:\/\/confeitag.com.br\/wp\/wp-json\/wp\/v2\/comments?post=3513"}],"wp:featuredmedia":[{"embeddable":true,"href":"https:\/\/confeitag.com.br\/wp\/wp-json\/wp\/v2\/media\/120"}],"wp:attachment":[{"href":"https:\/\/confeitag.com.br\/wp\/wp-json\/wp\/v2\/media?parent=3513"}],"wp:term":[{"taxonomy":"product_brand","embeddable":true,"href":"https:\/\/confeitag.com.br\/wp\/wp-json\/wp\/v2\/product_brand?post=3513"},{"taxonomy":"product_cat","embeddable":true,"href":"https:\/\/confeitag.com.br\/wp\/wp-json\/wp\/v2\/product_cat?post=3513"},{"taxonomy":"product_tag","embeddable":true,"href":"https:\/\/confeitag.com.br\/wp\/wp-json\/wp\/v2\/product_tag?post=3513"}],"curies":[{"name":"wp","href":"https:\/\/api.w.org\/{rel}","templated":true}]}}