{"id":35589,"date":"2016-05-02T14:57:50","date_gmt":"2016-05-02T17:57:50","guid":{"rendered":"http:\/\/confeitag.com.br\/wp\/?post_type=product&#038;p=35589"},"modified":"2024-09-09T11:40:51","modified_gmt":"2024-09-09T14:40:51","slug":"caixa-de-doces-especiais-grande","status":"publish","type":"product","link":"https:\/\/confeitag.com.br\/wp\/loja\/caixa-de-doces-especiais-grande\/","title":{"rendered":"Caixa de Doces Especiais grande"},"content":{"rendered":"<p>Caixa de Doces Especiais, com 18 docinhos, Brigadeiro, Brigadeiro Branco com Pistache, Amendoim, Chocobol, Cora\u00e7\u00e3o e Beijinho. \u00c9 uma excelente op\u00e7\u00e3o para presente ou lembran\u00e7a para dar a quem voc\u00ea ama.<\/p>\n","protected":false},"excerpt":{"rendered":"<p>Caixa de Doces Especiais, com 18 docinhos, Brigadeiro, Brigadeiro Branco com Pistache, Amendoim, Chocobol e Cora\u00e7\u00e3o. \u00c9 um excelente op\u00e7\u00e3o para presente ou lembran\u00e7a para dar a quem voc\u00ea ama.<\/p>\n","protected":false},"featured_media":35575,"comment_status":"open","ping_status":"closed","template":"","meta":[],"product_brand":[],"product_cat":[483,51,54],"product_tag":[299,480,465,482,300,376,479,467,481,478],"class_list":{"0":"post-35589","1":"product","2":"type-product","3":"status-publish","4":"has-post-thumbnail","6":"product_cat-caixas-para-presente","7":"product_cat-doces","8":"product_cat-doces-especiais","9":"product_tag-amendoim","10":"product_tag-beijinho","11":"product_tag-brigadeiro","12":"product_tag-chocobol","13":"product_tag-coco","14":"product_tag-confeitag","15":"product_tag-coracao","16":"product_tag-docinhos","17":"product_tag-especiais","18":"product_tag-pistache","20":"first","21":"outofstock","22":"taxable","23":"shipping-taxable","24":"purchasable","25":"product-type-simple"},"_links":{"self":[{"href":"https:\/\/confeitag.com.br\/wp\/wp-json\/wp\/v2\/product\/35589","targetHints":{"allow":["GET"]}}],"collection":[{"href":"https:\/\/confeitag.com.br\/wp\/wp-json\/wp\/v2\/product"}],"about":[{"href":"https:\/\/confeitag.com.br\/wp\/wp-json\/wp\/v2\/types\/product"}],"replies":[{"embeddable":true,"href":"https:\/\/confeitag.com.br\/wp\/wp-json\/wp\/v2\/comments?post=35589"}],"wp:featuredmedia":[{"embeddable":true,"href":"https:\/\/confeitag.com.br\/wp\/wp-json\/wp\/v2\/media\/35575"}],"wp:attachment":[{"href":"https:\/\/confeitag.com.br\/wp\/wp-json\/wp\/v2\/media?parent=35589"}],"wp:term":[{"taxonomy":"product_brand","embeddable":true,"href":"https:\/\/confeitag.com.br\/wp\/wp-json\/wp\/v2\/product_brand?post=35589"},{"taxonomy":"product_cat","embeddable":true,"href":"https:\/\/confeitag.com.br\/wp\/wp-json\/wp\/v2\/product_cat?post=35589"},{"taxonomy":"product_tag","embeddable":true,"href":"https:\/\/confeitag.com.br\/wp\/wp-json\/wp\/v2\/product_tag?post=35589"}],"curies":[{"name":"wp","href":"https:\/\/api.w.org\/{rel}","templated":true}]}}